{"id":541,"date":"2025-09-10T13:41:15","date_gmt":"2025-09-10T11:41:15","guid":{"rendered":"https:\/\/jobs.deya.fr\/?page_id=541"},"modified":"2025-09-22T14:19:54","modified_gmt":"2025-09-22T12:19:54","slug":"nos-offres","status":"publish","type":"page","link":"https:\/\/jobs.deya.fr\/en\/nos-offres\/","title":{"rendered":"Nos offres"},"content":{"rendered":"\n<section class=\"block-simple-content  py-5 wow fadeInUp\">\n    <div class=\"container\">\n        <div class=\"d-flex flex-row justify-content-center align-items-center py-3\">\n            <div class=\"col-12 col-md-8 text-center text-primary\">\n                                    <h2>Vous souhaitez postuler ?<\/h2>\n                    <div class=\"content py-4\">\n                        <p>Nous rejoindre, c\u2019est avant tout adh\u00e9rer \u00e0 nos valeurs et notre volont\u00e9 sans faille de satisfaire nos clients. C\u2019est aussi rejoindre une entreprise \u00e0 taille humaine, locale et tr\u00e8s dynamique, avec une croissance continue ces derni\u00e8res ann\u00e9es.<\/p>\n                    <\/div>\n                                            <div class=\"d-flex flex-column align-items-center\">\n                                                            <a class=\"btn btn-tertiary mb-3 mb-md-0\" href=\"https:\/\/jobs.deya.fr\/nos-offres\/#candidature_spontanee\" target=\"\">\n                                    Je souhaite d\u00e9poser une candidature spontan\u00e9e                                <\/a>\n                                                    <\/div>\n                                                <\/div>\n        <\/div>\n    <\/div>\n<\/section>\n\n\n\n<div class=\"wp-block-columns is-layout-flex wp-container-core-columns-is-layout-9d6595d7 wp-block-columns-is-layout-flex\">\n<div class=\"wp-block-column is-layout-flow wp-block-column-is-layout-flow\"><\/div>\n<\/div>\n\n\n\n<div class=\"wp-block-columns has-secondary-background-color has-background is-layout-flex wp-container-core-columns-is-layout-9d6595d7 wp-block-columns-is-layout-flex\" id=\"candidature_spontanee\">\n<div class=\"wp-block-column is-layout-flow wp-block-column-is-layout-flow\">\n<h2 class=\"wp-block-heading has-text-align-center\">Envoyez votre candidature spontan\u00e9e !<\/h2>\n\n\n\n<p class=\"has-text-align-center mt-2 mb-5\">Le job de vos r\u00eaves n\u2019est pas encore list\u00e9&nbsp;? <br>Nous aimerions n\u00e9anmoins vous conna\u00eetre et vous invitons \u00e0 soumettre une candidature spontan\u00e9e en remplissant le formulaire ci-dessous&nbsp;:<\/p>\n\n\n\n<div class=\"wpcf7 no-js\" id=\"wpcf7-f5-o1\" lang=\"fr-FR\" dir=\"ltr\" data-wpcf7-id=\"5\">\n<div class=\"screen-reader-response\"><p role=\"status\" aria-live=\"polite\" aria-atomic=\"true\"><\/p> <ul><\/ul><\/div>\n<form action=\"\/en\/wp-json\/wp\/v2\/pages\/541#wpcf7-f5-o1\" method=\"post\" class=\"wpcf7-form init\" aria-label=\"Formulaire de contact\" enctype=\"multipart\/form-data\" novalidate=\"novalidate\" data-status=\"init\">\n<fieldset class=\"hidden-fields-container\"><input type=\"hidden\" name=\"_wpcf7\" value=\"5\" \/><input type=\"hidden\" name=\"_wpcf7_version\" value=\"6.1.5\" \/><input type=\"hidden\" name=\"_wpcf7_locale\" value=\"fr_FR\" \/><input type=\"hidden\" name=\"_wpcf7_unit_tag\" value=\"wpcf7-f5-o1\" \/><input type=\"hidden\" name=\"_wpcf7_container_post\" value=\"0\" \/><input type=\"hidden\" name=\"_wpcf7_posted_data_hash\" value=\"\" \/>\n<\/fieldset>\n<div id=\"form-application\">\n\n <!-- Row 1 : Pr\u00e9nom \/ Nom -->\n\t<div class=\"row\">\n\t\t<div class=\"col-md-6\">\n\t\t\t<p><label class=\"form-label\">Pr\u00e9nom<span class=\"text-danger\">*<\/span><\/label><br \/>\n<span class=\"wpcf7-form-control-wrap\" data-name=\"prenom\"><input size=\"40\" maxlength=\"400\" class=\"wpcf7-form-control wpcf7-text wpcf7-validates-as-required form-control\" aria-required=\"true\" aria-invalid=\"false\" value=\"\" type=\"text\" name=\"prenom\" \/><\/span>\n\t\t\t<\/p>\n\t\t<\/div>\n\t\t<div class=\"col-md-6\">\n\t\t\t<p><label class=\"form-label\">Nom<span class=\"text-danger\">*<\/span><\/label><br \/>\n<span class=\"wpcf7-form-control-wrap\" data-name=\"nom\"><input size=\"40\" maxlength=\"400\" class=\"wpcf7-form-control wpcf7-text wpcf7-validates-as-required form-control\" aria-required=\"true\" aria-invalid=\"false\" value=\"\" type=\"text\" name=\"nom\" \/><\/span>\n\t\t\t<\/p>\n\t\t<\/div>\n\t<\/div>\n\n <!-- Row 2 : Email \/ T\u00e9l\u00e9phone -->\n\t<div class=\"row\">\n\t\t<div class=\"col-md-6\">\n\t\t\t<p><label class=\"form-label\">Adresse mail<span class=\"text-danger\">*<\/span><\/label><br \/>\n<span class=\"wpcf7-form-control-wrap\" data-name=\"email\"><input size=\"40\" maxlength=\"400\" class=\"wpcf7-form-control wpcf7-email wpcf7-validates-as-required wpcf7-text wpcf7-validates-as-email form-control\" aria-required=\"true\" aria-invalid=\"false\" value=\"\" type=\"email\" name=\"email\" \/><\/span>\n\t\t\t<\/p>\n\t\t<\/div>\n\t\t<div class=\"col-md-6\">\n\t\t\t<p><label class=\"form-label\">T\u00e9l\u00e9phone<span class=\"text-danger\">*<\/span><\/label><br \/>\n<span class=\"wpcf7-form-control-wrap\" data-name=\"telephone\"><input size=\"40\" maxlength=\"400\" class=\"wpcf7-form-control wpcf7-tel wpcf7-validates-as-required wpcf7-text wpcf7-validates-as-tel form-control\" aria-required=\"true\" aria-invalid=\"false\" value=\"\" type=\"tel\" name=\"telephone\" \/><\/span>\n\t\t\t<\/p>\n\t\t<\/div>\n\t<\/div>\n\n <!-- Message -->\n\t<div class=\"mb-3\">\n\t\t<p><label class=\"form-label\">\u00c9crivez votre message\u2026<\/label><br \/>\n<span class=\"wpcf7-form-control-wrap\" data-name=\"message\"><textarea cols=\"40\" rows=\"5\" maxlength=\"2000\" class=\"wpcf7-form-control wpcf7-textarea form-control\" aria-invalid=\"false\" name=\"message\"><\/textarea><\/span>\n\t\t<\/p>\n\t<\/div>\n\n <!-- Fichiers : CV \/ Lettre de motivation -->\n\t<div class=\"row\">\n\t\t<div class=\"col-md-6\">\n\t\t\t<p><label class=\"form-label fw-semibold\">Importer un CV<span class=\"text-danger\">*<\/span> <span class=\"text-muted\">(max. 5 Mo)<\/span><\/label><br \/>\n<span class=\"wpcf7-form-control-wrap\" data-name=\"cv\"><input size=\"40\" class=\"wpcf7-form-control wpcf7-file wpcf7-validates-as-required form-control\" accept=\".pdf,.doc,.docx,.odt,.rtf\" aria-required=\"true\" aria-invalid=\"false\" type=\"file\" name=\"cv\" \/><\/span><br \/>\n<small class=\"form-text\">Aucun fichier ajout\u00e9 pour le moment.<\/small>\n\t\t\t<\/p>\n\t\t<\/div>\n\t\t<div class=\"col-md-6\">\n\t\t\t<p><label class=\"form-label fw-semibold\">Importer une lettre de motivation <span class=\"text-muted\">(max. 5 Mo)<\/span><\/label><br \/>\n<span class=\"wpcf7-form-control-wrap\" data-name=\"lm\"><input size=\"40\" class=\"wpcf7-form-control wpcf7-file form-control\" accept=\".pdf,.doc,.docx,.odt,.rtf\" aria-invalid=\"false\" type=\"file\" name=\"lm\" \/><\/span><br \/>\n<small class=\"form-text\">Aucun fichier ajout\u00e9 pour le moment.<\/small>\n\t\t\t<\/p>\n\t\t<\/div>\n\t<\/div>\n\n <!-- RGPD -->\n\t<div class=\"mt-3\">\n\t\t<p><span class=\"wpcf7-form-control-wrap\" data-name=\"acceptance-1\"><span class=\"wpcf7-form-control wpcf7-acceptance\"><span class=\"wpcf7-list-item\"><label><input type=\"checkbox\" name=\"acceptance-1\" value=\"1\" aria-invalid=\"false\" \/><span class=\"wpcf7-list-item-label\">Je confirme avoir pris connaissance de la <a href=\"\/politique-de-confidentialite\/\" class=\"link\" target=\"_blank\">politique de confidentialit\u00e9<\/a> et de l\u2019accepter sans r\u00e9serve.<\/span><\/label><\/span><\/span><\/span>\n\t\t<\/p>\n\t<\/div>\n\n <!-- Bouton -->\n\t<div class=\"row mt-3\">\n\t\t<div class=\"col-md-12 d-flex justify-content-center\">\n\t\t\t<p><input class=\"wpcf7-form-control wpcf7-submit has-spinner btn btn-deya\" type=\"submit\" value=\"Envoyer ma candidature\" \/>\n\t\t\t<\/p>\n\t\t<\/div>\n\t<\/div>\n<\/div><div class=\"wpcf7-response-output\" aria-hidden=\"true\"><\/div>\n<\/form>\n<\/div>\n\n<\/div>\n<\/div>\n\n\n","protected":false},"excerpt":{"rendered":"<p>Envoyez votre candidature spontan\u00e9e ! Le job de vos r\u00eaves n\u2019est pas encore list\u00e9&nbsp;? Nous aimerions n\u00e9anmoins vous conna\u00eetre et vous invitons \u00e0 soumettre une candidature spontan\u00e9e en remplissant le formulaire ci-dessous&nbsp;:<\/p>\n","protected":false},"author":2,"featured_media":0,"parent":0,"menu_order":0,"comment_status":"closed","ping_status":"closed","template":"page-banner-repeater-offers.php","meta":{"_acf_changed":false,"inline_featured_image":false,"footnotes":""},"class_list":["post-541","page","type-page","status-publish","hentry"],"acf":[],"yoast_head":"<!-- This site is optimized with the Yoast SEO plugin v27.4 - https:\/\/yoast.com\/product\/yoast-seo-wordpress\/ -->\n<title>Nos offres - DEYA Jobs<\/title>\n<meta name=\"robots\" content=\"index, follow, max-snippet:-1, max-image-preview:large, max-video-preview:-1\" \/>\n<link rel=\"canonical\" href=\"https:\/\/jobs.deya.fr\/en\/nos-offres\/\" \/>\n<meta property=\"og:locale\" content=\"en_US\" \/>\n<meta property=\"og:type\" content=\"article\" \/>\n<meta property=\"og:title\" content=\"Nos offres - DEYA Jobs\" \/>\n<meta property=\"og:description\" content=\"Envoyez votre candidature spontan\u00e9e ! Le job de vos r\u00eaves n\u2019est pas encore list\u00e9&nbsp;? Nous aimerions n\u00e9anmoins vous conna\u00eetre et vous invitons \u00e0 soumettre une candidature spontan\u00e9e en remplissant le formulaire ci-dessous&nbsp;:\" \/>\n<meta property=\"og:url\" content=\"https:\/\/jobs.deya.fr\/en\/nos-offres\/\" \/>\n<meta property=\"og:site_name\" content=\"DEYA Jobs\" \/>\n<meta property=\"article:modified_time\" content=\"2025-09-22T12:19:54+00:00\" \/>\n<meta name=\"twitter:card\" content=\"summary_large_image\" \/>\n<script type=\"application\/ld+json\" class=\"yoast-schema-graph\">{\"@context\":\"https:\\\/\\\/schema.org\",\"@graph\":[{\"@type\":\"WebPage\",\"@id\":\"https:\\\/\\\/jobs.deya.fr\\\/en\\\/nos-offres\\\/\",\"url\":\"https:\\\/\\\/jobs.deya.fr\\\/en\\\/nos-offres\\\/\",\"name\":\"Nos offres - DEYA Jobs\",\"isPartOf\":{\"@id\":\"https:\\\/\\\/jobs.deya.fr\\\/en\\\/#website\"},\"datePublished\":\"2025-09-10T11:41:15+00:00\",\"dateModified\":\"2025-09-22T12:19:54+00:00\",\"breadcrumb\":{\"@id\":\"https:\\\/\\\/jobs.deya.fr\\\/en\\\/nos-offres\\\/#breadcrumb\"},\"inLanguage\":\"en-US\",\"potentialAction\":[{\"@type\":\"ReadAction\",\"target\":[\"https:\\\/\\\/jobs.deya.fr\\\/en\\\/nos-offres\\\/\"]}]},{\"@type\":\"BreadcrumbList\",\"@id\":\"https:\\\/\\\/jobs.deya.fr\\\/en\\\/nos-offres\\\/#breadcrumb\",\"itemListElement\":[{\"@type\":\"ListItem\",\"position\":1,\"name\":\"Accueil\",\"item\":\"https:\\\/\\\/jobs.deya.fr\\\/en\\\/\"},{\"@type\":\"ListItem\",\"position\":2,\"name\":\"Nos offres\"}]},{\"@type\":\"WebSite\",\"@id\":\"https:\\\/\\\/jobs.deya.fr\\\/en\\\/#website\",\"url\":\"https:\\\/\\\/jobs.deya.fr\\\/en\\\/\",\"name\":\"DEYA Jobs\",\"description\":\"\",\"publisher\":{\"@id\":\"https:\\\/\\\/jobs.deya.fr\\\/en\\\/#organization\"},\"potentialAction\":[{\"@type\":\"SearchAction\",\"target\":{\"@type\":\"EntryPoint\",\"urlTemplate\":\"https:\\\/\\\/jobs.deya.fr\\\/en\\\/?s={search_term_string}\"},\"query-input\":{\"@type\":\"PropertyValueSpecification\",\"valueRequired\":true,\"valueName\":\"search_term_string\"}}],\"inLanguage\":\"en-US\"},{\"@type\":\"Organization\",\"@id\":\"https:\\\/\\\/jobs.deya.fr\\\/en\\\/#organization\",\"name\":\"DEYA\",\"url\":\"https:\\\/\\\/jobs.deya.fr\\\/en\\\/\",\"logo\":{\"@type\":\"ImageObject\",\"inLanguage\":\"en-US\",\"@id\":\"https:\\\/\\\/jobs.deya.fr\\\/en\\\/#\\\/schema\\\/logo\\\/image\\\/\",\"url\":\"https:\\\/\\\/jobs.deya.fr\\\/wp-content\\\/uploads\\\/2025\\\/08\\\/logo_site-1-2.png\",\"contentUrl\":\"https:\\\/\\\/jobs.deya.fr\\\/wp-content\\\/uploads\\\/2025\\\/08\\\/logo_site-1-2.png\",\"width\":310,\"height\":173,\"caption\":\"DEYA\"},\"image\":{\"@id\":\"https:\\\/\\\/jobs.deya.fr\\\/en\\\/#\\\/schema\\\/logo\\\/image\\\/\"}}]}<\/script>\n<!-- \/ Yoast SEO plugin. -->","yoast_head_json":{"title":"Nos offres - DEYA Jobs","robots":{"index":"index","follow":"follow","max-snippet":"max-snippet:-1","max-image-preview":"max-image-preview:large","max-video-preview":"max-video-preview:-1"},"canonical":"https:\/\/jobs.deya.fr\/en\/nos-offres\/","og_locale":"en_US","og_type":"article","og_title":"Nos offres - DEYA Jobs","og_description":"Envoyez votre candidature spontan\u00e9e ! Le job de vos r\u00eaves n\u2019est pas encore list\u00e9&nbsp;? Nous aimerions n\u00e9anmoins vous conna\u00eetre et vous invitons \u00e0 soumettre une candidature spontan\u00e9e en remplissant le formulaire ci-dessous&nbsp;:","og_url":"https:\/\/jobs.deya.fr\/en\/nos-offres\/","og_site_name":"DEYA Jobs","article_modified_time":"2025-09-22T12:19:54+00:00","twitter_card":"summary_large_image","schema":{"@context":"https:\/\/schema.org","@graph":[{"@type":"WebPage","@id":"https:\/\/jobs.deya.fr\/en\/nos-offres\/","url":"https:\/\/jobs.deya.fr\/en\/nos-offres\/","name":"Nos offres - DEYA Jobs","isPartOf":{"@id":"https:\/\/jobs.deya.fr\/en\/#website"},"datePublished":"2025-09-10T11:41:15+00:00","dateModified":"2025-09-22T12:19:54+00:00","breadcrumb":{"@id":"https:\/\/jobs.deya.fr\/en\/nos-offres\/#breadcrumb"},"inLanguage":"en-US","potentialAction":[{"@type":"ReadAction","target":["https:\/\/jobs.deya.fr\/en\/nos-offres\/"]}]},{"@type":"BreadcrumbList","@id":"https:\/\/jobs.deya.fr\/en\/nos-offres\/#breadcrumb","itemListElement":[{"@type":"ListItem","position":1,"name":"Accueil","item":"https:\/\/jobs.deya.fr\/en\/"},{"@type":"ListItem","position":2,"name":"Nos offres"}]},{"@type":"WebSite","@id":"https:\/\/jobs.deya.fr\/en\/#website","url":"https:\/\/jobs.deya.fr\/en\/","name":"DEYA Jobs","description":"","publisher":{"@id":"https:\/\/jobs.deya.fr\/en\/#organization"},"potentialAction":[{"@type":"SearchAction","target":{"@type":"EntryPoint","urlTemplate":"https:\/\/jobs.deya.fr\/en\/?s={search_term_string}"},"query-input":{"@type":"PropertyValueSpecification","valueRequired":true,"valueName":"search_term_string"}}],"inLanguage":"en-US"},{"@type":"Organization","@id":"https:\/\/jobs.deya.fr\/en\/#organization","name":"DEYA","url":"https:\/\/jobs.deya.fr\/en\/","logo":{"@type":"ImageObject","inLanguage":"en-US","@id":"https:\/\/jobs.deya.fr\/en\/#\/schema\/logo\/image\/","url":"https:\/\/jobs.deya.fr\/wp-content\/uploads\/2025\/08\/logo_site-1-2.png","contentUrl":"https:\/\/jobs.deya.fr\/wp-content\/uploads\/2025\/08\/logo_site-1-2.png","width":310,"height":173,"caption":"DEYA"},"image":{"@id":"https:\/\/jobs.deya.fr\/en\/#\/schema\/logo\/image\/"}}]}},"_links":{"self":[{"href":"https:\/\/jobs.deya.fr\/en\/wp-json\/wp\/v2\/pages\/541","targetHints":{"allow":["GET"]}}],"collection":[{"href":"https:\/\/jobs.deya.fr\/en\/wp-json\/wp\/v2\/pages"}],"about":[{"href":"https:\/\/jobs.deya.fr\/en\/wp-json\/wp\/v2\/types\/page"}],"author":[{"embeddable":true,"href":"https:\/\/jobs.deya.fr\/en\/wp-json\/wp\/v2\/users\/2"}],"replies":[{"embeddable":true,"href":"https:\/\/jobs.deya.fr\/en\/wp-json\/wp\/v2\/comments?post=541"}],"version-history":[{"count":1,"href":"https:\/\/jobs.deya.fr\/en\/wp-json\/wp\/v2\/pages\/541\/revisions"}],"predecessor-version":[{"id":546,"href":"https:\/\/jobs.deya.fr\/en\/wp-json\/wp\/v2\/pages\/541\/revisions\/546"}],"wp:attachment":[{"href":"https:\/\/jobs.deya.fr\/en\/wp-json\/wp\/v2\/media?parent=541"}],"curies":[{"name":"wp","href":"https:\/\/api.w.org\/{rel}","templated":true}]}}